{"id":179,"date":"2023-05-17T12:56:09","date_gmt":"2023-05-17T11:56:09","guid":{"rendered":"https:\/\/promotor-academy.com\/?page_id=179"},"modified":"2023-06-23T10:20:40","modified_gmt":"2023-06-23T09:20:40","slug":"driving-lessons","status":"publish","type":"page","link":"https:\/\/promotor-academy.com\/ro\/driving-lessons\/","title":{"rendered":"LEC\u021aII DE CONDUCERE"},"content":{"rendered":"<div data-elementor-type=\"wp-page\" data-elementor-id=\"179\" class=\"elementor elementor-179\" data-elementor-settings=\"{&quot;ha_cmc_init_switcher&quot;:&quot;no&quot;}\">\n\t\t\t\t\t\t<section class=\"elementor-section elementor-top-section elementor-element elementor-element-1f3d00c0 elementor-section-content-middle elementor-section-height-min-height elementor-section-boxed elementor-section-height-default elementor-section-items-middle\" data-id=\"1f3d00c0\" data-element_type=\"section\" data-settings=\"{&quot;background_background&quot;:&quot;gradient&quot;,&quot;shape_divider_bottom&quot;:&quot;waves&quot;,&quot;_ha_eqh_enable&quot;:false}\">\n\t\t\t\t\t\t\t<div class=\"elementor-background-overlay\"><\/div>\n\t\t\t\t\t\t<div class=\"elementor-shape elementor-shape-bottom\" aria-hidden=\"true\" data-negative=\"false\">\n\t\t\t<svg xmlns=\"http:\/\/www.w3.org\/2000\/svg\" viewbox=\"0 0 1000 100\" preserveaspectratio=\"none\">\n\t<path class=\"elementor-shape-fill\" d=\"M421.9,6.5c22.6-2.5,51.5,0.4,75.5,5.3c23.6,4.9,70.9,23.5,100.5,35.7c75.8,32.2,133.7,44.5,192.6,49.7\tc23.6,2.1,48.7,3.5,103.4-2.5c54.7-6,106.2-25.6,106.2-25.6V0H0v30.3c0,0,72,32.6,158.4,30.5c39.2-0.7,92.8-6.7,134-22.4\tc21.2-8.1,52.2-18.2,79.7-24.2C399.3,7.9,411.6,7.5,421.9,6.5z\"\/>\n<\/svg>\t\t<\/div>\n\t\t\t\t\t<div class=\"elementor-container elementor-column-gap-no\">\n\t\t\t\t\t<div class=\"elementor-column elementor-col-100 elementor-top-column elementor-element elementor-element-9f2dc73\" data-id=\"9f2dc73\" data-element_type=\"column\" data-settings=\"{&quot;background_background&quot;:&quot;classic&quot;}\">\n\t\t\t<div class=\"elementor-widget-wrap elementor-element-populated\">\n\t\t\t\t\t\t<div class=\"elementor-element elementor-element-5c19285e elementor-widget elementor-widget-heading\" data-id=\"5c19285e\" data-element_type=\"widget\" data-widget_type=\"heading.default\">\n\t\t\t\t<div class=\"elementor-widget-container\">\n\t\t\t\t\t<h1 class=\"elementor-heading-title elementor-size-default\">LEC\u021aII DE CONDUCERE<\/h1>\t\t\t\t<\/div>\n\t\t\t\t<\/div>\n\t\t\t\t\t<\/div>\n\t\t<\/div>\n\t\t\t\t\t<\/div>\n\t\t<\/section>\n\t\t\t\t<section class=\"elementor-section elementor-top-section elementor-element elementor-element-3a2c6e56 elementor-reverse-tablet elementor-reverse-mobile elementor-section-boxed elementor-section-height-default elementor-section-height-default\" data-id=\"3a2c6e56\" data-element_type=\"section\" data-settings=\"{&quot;background_background&quot;:&quot;classic&quot;,&quot;_ha_eqh_enable&quot;:false}\">\n\t\t\t\t\t\t\t<div class=\"elementor-background-overlay\"><\/div>\n\t\t\t\t\t\t\t<div class=\"elementor-container elementor-column-gap-no\">\n\t\t\t\t\t<div class=\"elementor-column elementor-col-50 elementor-top-column elementor-element elementor-element-9c2b346\" data-id=\"9c2b346\" data-element_type=\"column\">\n\t\t\t<div class=\"elementor-widget-wrap elementor-element-populated\">\n\t\t\t\t\t\t<section class=\"elementor-section elementor-inner-section elementor-element elementor-element-7d5a36fd elementor-section-boxed elementor-section-height-default elementor-section-height-default\" data-id=\"7d5a36fd\" data-element_type=\"section\" data-settings=\"{&quot;_ha_eqh_enable&quot;:false}\">\n\t\t\t\t\t\t<div class=\"elementor-container elementor-column-gap-default\">\n\t\t\t\t\t<div class=\"elementor-column elementor-col-100 elementor-inner-column elementor-element elementor-element-768659c4\" data-id=\"768659c4\" data-element_type=\"column\" data-settings=\"{&quot;background_background&quot;:&quot;classic&quot;}\">\n\t\t\t<div class=\"elementor-widget-wrap elementor-element-populated\">\n\t\t\t\t\t\t<div class=\"elementor-element elementor-element-60d1c2d9 ha-has-bg-overlay elementor-widget elementor-widget-heading\" data-id=\"60d1c2d9\" data-element_type=\"widget\" data-widget_type=\"heading.default\">\n\t\t\t\t<div class=\"elementor-widget-container\">\n\t\t\t\t\t<h5 class=\"elementor-heading-title elementor-size-default\">Ce sunt EDT Lec\u021bii?<\/h5>\t\t\t\t<\/div>\n\t\t\t\t<\/div>\n\t\t\t\t<div class=\"elementor-element elementor-element-46066149 elementor-icon-list--layout-traditional elementor-list-item-link-full_width elementor-widget elementor-widget-icon-list\" data-id=\"46066149\" data-element_type=\"widget\" data-widget_type=\"icon-list.default\">\n\t\t\t\t<div class=\"elementor-widget-container\">\n\t\t\t\t\t\t\t<ul class=\"elementor-icon-list-items\">\n\t\t\t\t\t\t\t<li class=\"elementor-icon-list-item\">\n\t\t\t\t\t\t\t\t\t\t\t<span class=\"elementor-icon-list-icon\">\n\t\t\t\t\t\t\t<i aria-hidden=\"true\" class=\"fas fa-minus\"><\/i>\t\t\t\t\t\t<\/span>\n\t\t\t\t\t\t\t\t\t\t<span class=\"elementor-icon-list-text\">EDT reprezint\u0103 Esen\u021biale Driver Training<\/span>\n\t\t\t\t\t\t\t\t\t<\/li>\n\t\t\t\t\t\t\t\t<li class=\"elementor-icon-list-item\">\n\t\t\t\t\t\t\t\t\t\t\t<span class=\"elementor-icon-list-icon\">\n\t\t\t\t\t\t\t<i aria-hidden=\"true\" class=\"fas fa-minus\"><\/i>\t\t\t\t\t\t<\/span>\n\t\t\t\t\t\t\t\t\t\t<span class=\"elementor-icon-list-text\">EDT este un curs de formare obligatoriu pentru \u0219oferi elevi.<\/span>\n\t\t\t\t\t\t\t\t\t<\/li>\n\t\t\t\t\t\t\t\t<li class=\"elementor-icon-list-item\">\n\t\t\t\t\t\t\t\t\t\t\t<span class=\"elementor-icon-list-icon\">\n\t\t\t\t\t\t\t<i aria-hidden=\"true\" class=\"fas fa-minus\"><\/i>\t\t\t\t\t\t<\/span>\n\t\t\t\t\t\t\t\t\t\t<span class=\"elementor-icon-list-text\">EDT \u00eenva\u021b\u0103 abilit\u0103\u021bile fundamentale de conducere.<\/span>\n\t\t\t\t\t\t\t\t\t<\/li>\n\t\t\t\t\t\t\t\t<li class=\"elementor-icon-list-item\">\n\t\t\t\t\t\t\t\t\t\t\t<span class=\"elementor-icon-list-icon\">\n\t\t\t\t\t\t\t<i aria-hidden=\"true\" class=\"fas fa-minus\"><\/i>\t\t\t\t\t\t<\/span>\n\t\t\t\t\t\t\t\t\t\t<span class=\"elementor-icon-list-text\">Conform legii, \u0219oferii \u00een perioada de \u00eenv\u0103\u021bare sunt obliga\u021bi s\u0103 urmeze 12 lec\u021bii de conducere EDT.<\/span>\n\t\t\t\t\t\t\t\t\t<\/li>\n\t\t\t\t\t\t\t\t<li class=\"elementor-icon-list-item\">\n\t\t\t\t\t\t\t\t\t\t\t<span class=\"elementor-icon-list-icon\">\n\t\t\t\t\t\t\t<i aria-hidden=\"true\" class=\"fas fa-minus\"><\/i>\t\t\t\t\t\t<\/span>\n\t\t\t\t\t\t\t\t\t\t<span class=\"elementor-icon-list-text\">Lec\u021biile EDT sunt esen\u021biale pentru preg\u0103tirea pentru examenul de conducere.<\/span>\n\t\t\t\t\t\t\t\t\t<\/li>\n\t\t\t\t\t\t<\/ul>\n\t\t\t\t\t\t<\/div>\n\t\t\t\t<\/div>\n\t\t\t\t\t<\/div>\n\t\t<\/div>\n\t\t\t\t\t<\/div>\n\t\t<\/section>\n\t\t\t\t<section class=\"elementor-section elementor-inner-section elementor-element elementor-element-43ac0cfd elementor-section-boxed elementor-section-height-default elementor-section-height-default\" data-id=\"43ac0cfd\" data-element_type=\"section\" data-settings=\"{&quot;_ha_eqh_enable&quot;:false}\">\n\t\t\t\t\t\t<div class=\"elementor-container elementor-column-gap-no\">\n\t\t\t\t\t<div class=\"elementor-column elementor-col-100 elementor-inner-column elementor-element elementor-element-2ab9263b\" data-id=\"2ab9263b\" data-element_type=\"column\" data-settings=\"{&quot;background_background&quot;:&quot;classic&quot;}\">\n\t\t\t<div class=\"elementor-widget-wrap elementor-element-populated\">\n\t\t\t\t\t\t<div class=\"elementor-element elementor-element-546c4144 ha-has-bg-overlay elementor-widget elementor-widget-heading\" data-id=\"546c4144\" data-element_type=\"widget\" data-widget_type=\"heading.default\">\n\t\t\t\t<div class=\"elementor-widget-container\">\n\t\t\t\t\t<h5 class=\"elementor-heading-title elementor-size-default\"> C\u00e2te lec\u021bii EDT exist\u0103?<\/h5>\t\t\t\t<\/div>\n\t\t\t\t<\/div>\n\t\t\t\t<div class=\"elementor-element elementor-element-37f439e0 elementor-widget elementor-widget-toggle\" data-id=\"37f439e0\" data-element_type=\"widget\" data-widget_type=\"toggle.default\">\n\t\t\t\t<div class=\"elementor-widget-container\">\n\t\t\t\t\t\t\t<div class=\"elementor-toggle\">\n\t\t\t\t\t\t\t<div class=\"elementor-toggle-item\">\n\t\t\t\t\t<h5 id=\"elementor-tab-title-9381\" class=\"elementor-tab-title\" data-tab=\"1\" role=\"button\" aria-controls=\"elementor-tab-content-9381\" aria-expanded=\"false\">\n\t\t\t\t\t\t\t\t\t\t\t\t<span class=\"elementor-toggle-icon elementor-toggle-icon-right\" aria-hidden=\"true\">\n\t\t\t\t\t\t\t\t\t\t\t\t\t\t\t<span class=\"elementor-toggle-icon-closed\"><i class=\"fas fa-angle-down\"><\/i><\/span>\n\t\t\t\t\t\t\t\t<span class=\"elementor-toggle-icon-opened\"><i class=\"elementor-toggle-icon-opened fas fa-angle-up\"><\/i><\/span>\n\t\t\t\t\t\t\t\t\t\t\t\t\t<\/span>\n\t\t\t\t\t\t\t\t\t\t\t\t<a class=\"elementor-toggle-title\" tabindex=\"0\">C\u00e2nd sunt anun\u021burile f\u0103cute?<\/a>\n\t\t\t\t\t<\/h5>\n\n\t\t\t\t\t<div id=\"elementor-tab-content-9381\" class=\"elementor-tab-content elementor-clearfix\" data-tab=\"1\" role=\"region\" aria-labelledby=\"elementor-tab-title-9381\"><p>Exist\u0103 un total de 12 lec\u021bii de conducere EDT pe care trebuie s\u0103 le completa\u021bi. Pute\u021bi verifica detaliile despre fiecare lec\u021bie EDT pe site-ul nostru, unde ve\u021bi g\u0103si informa\u021bii despre con\u021binutul programului.<\/p><\/div>\n\t\t\t\t<\/div>\n\t\t\t\t\t\t\t<div class=\"elementor-toggle-item\">\n\t\t\t\t\t<h5 id=\"elementor-tab-title-9382\" class=\"elementor-tab-title\" data-tab=\"2\" role=\"button\" aria-controls=\"elementor-tab-content-9382\" aria-expanded=\"false\">\n\t\t\t\t\t\t\t\t\t\t\t\t<span class=\"elementor-toggle-icon elementor-toggle-icon-right\" aria-hidden=\"true\">\n\t\t\t\t\t\t\t\t\t\t\t\t\t\t\t<span class=\"elementor-toggle-icon-closed\"><i class=\"fas fa-angle-down\"><\/i><\/span>\n\t\t\t\t\t\t\t\t<span class=\"elementor-toggle-icon-opened\"><i class=\"elementor-toggle-icon-opened fas fa-angle-up\"><\/i><\/span>\n\t\t\t\t\t\t\t\t\t\t\t\t\t<\/span>\n\t\t\t\t\t\t\t\t\t\t\t\t<a class=\"elementor-toggle-title\" tabindex=\"0\">De ce am nevoie de 12 lec\u021bii EDT?<\/a>\n\t\t\t\t\t<\/h5>\n\n\t\t\t\t\t<div id=\"elementor-tab-content-9382\" class=\"elementor-tab-content elementor-clearfix\" data-tab=\"2\" role=\"region\" aria-labelledby=\"elementor-tab-title-9382\"><p>\u00a0Orice \u0219ofer care a ob\u021binut un permis de conducere \u00een perioada \u00eencep\u00e2nd cu 04\/04\/2011 este acum obligat prin lege s\u0103 sus\u021bin\u0103 cele 12 lec\u021bii obligatorii de conducere EDT.<b><br \/><\/b><\/p><\/div>\n\t\t\t\t<\/div>\n\t\t\t\t\t\t\t<div class=\"elementor-toggle-item\">\n\t\t\t\t\t<h5 id=\"elementor-tab-title-9383\" class=\"elementor-tab-title\" data-tab=\"3\" role=\"button\" aria-controls=\"elementor-tab-content-9383\" aria-expanded=\"false\">\n\t\t\t\t\t\t\t\t\t\t\t\t<span class=\"elementor-toggle-icon elementor-toggle-icon-right\" aria-hidden=\"true\">\n\t\t\t\t\t\t\t\t\t\t\t\t\t\t\t<span class=\"elementor-toggle-icon-closed\"><i class=\"fas fa-angle-down\"><\/i><\/span>\n\t\t\t\t\t\t\t\t<span class=\"elementor-toggle-icon-opened\"><i class=\"elementor-toggle-icon-opened fas fa-angle-up\"><\/i><\/span>\n\t\t\t\t\t\t\t\t\t\t\t\t\t<\/span>\n\t\t\t\t\t\t\t\t\t\t\t\t<a class=\"elementor-toggle-title\" tabindex=\"0\">Expireaz\u0103 lec\u021biile EDT?<\/a>\n\t\t\t\t\t<\/h5>\n\n\t\t\t\t\t<div id=\"elementor-tab-content-9383\" class=\"elementor-tab-content elementor-clearfix\" data-tab=\"3\" role=\"region\" aria-labelledby=\"elementor-tab-title-9383\"><p>Nu exist\u0103 cerin\u021ba de a repeta lec\u021biile EDT (Essential Driver Training). Exist\u0103 o excep\u021bie: atunci c\u00e2nd permisul de \u00eenv\u0103\u021bare a expirat pentru mai mult de 5 ani. \u00cen acest caz, va trebui s\u0103 urma\u021bi din nou lec\u021biile EDT.<b><br \/><\/b><\/p><\/div>\n\t\t\t\t<\/div>\n\t\t\t\t\t\t\t\t\t\t<script type=\"application\/ld+json\">{\"@context\":\"https:\\\/\\\/schema.org\",\"@type\":\"FAQPage\",\"mainEntity\":[{\"@type\":\"Question\",\"name\":\"When the Announcements?\",\"acceptedAnswer\":{\"@type\":\"Answer\",\"text\":\"<p>There are a total of 12 EDT Driving Lessons you must complete. You can checkout the breakdown of the 12 EDT Driving lesson syllabus on our website<\\\/p>\"}},{\"@type\":\"Question\",\"name\":\"Why do I need 12 EDT Lessons?\",\"acceptedAnswer\":{\"@type\":\"Answer\",\"text\":\"<p>\\u00a0Any driver who has been issued a learner permit on or after 04\\\/04\\\/2011 is required now by law to sit the mandatory 12 EDT Driving lessons.<b><br \\\/><\\\/b><\\\/p>\"}},{\"@type\":\"Question\",\"name\":\"Do EDT Lessons expire?\",\"acceptedAnswer\":{\"@type\":\"Answer\",\"text\":\"<p>There is no requirement to repeat EDT. There is one exception; this is where the learner permit has lapsed for more than 5 years.<b><br \\\/><\\\/b><\\\/p>\"}}]}<\/script>\n\t\t\t\t\t<\/div>\n\t\t\t\t\t\t<\/div>\n\t\t\t\t<\/div>\n\t\t\t\t\t<\/div>\n\t\t<\/div>\n\t\t\t\t\t<\/div>\n\t\t<\/section>\n\t\t\t\t<section class=\"elementor-section elementor-inner-section elementor-element elementor-element-7b53a60e elementor-section-boxed elementor-section-height-default elementor-section-height-default\" data-id=\"7b53a60e\" data-element_type=\"section\" data-settings=\"{&quot;_ha_eqh_enable&quot;:false}\">\n\t\t\t\t\t\t<div class=\"elementor-container elementor-column-gap-no\">\n\t\t\t\t\t<div class=\"elementor-column elementor-col-100 elementor-inner-column elementor-element elementor-element-7eefbaed\" data-id=\"7eefbaed\" data-element_type=\"column\" data-settings=\"{&quot;background_background&quot;:&quot;classic&quot;}\">\n\t\t\t<div class=\"elementor-widget-wrap elementor-element-populated\">\n\t\t\t\t\t<div class=\"elementor-background-overlay\"><\/div>\n\t\t\t\t\t\t<div class=\"elementor-element elementor-element-2418b0bb elementor-widget__width-auto elementor-view-default ha-has-bg-overlay elementor-widget elementor-widget-icon\" data-id=\"2418b0bb\" data-element_type=\"widget\" data-widget_type=\"icon.default\">\n\t\t\t\t<div class=\"elementor-widget-container\">\n\t\t\t\t\t\t\t<div class=\"elementor-icon-wrapper\">\n\t\t\t<div class=\"elementor-icon\">\n\t\t\t<i aria-hidden=\"true\" class=\"fas fa-file-invoice\"><\/i>\t\t\t<\/div>\n\t\t<\/div>\n\t\t\t\t\t\t<\/div>\n\t\t\t\t<\/div>\n\t\t\t\t<div class=\"elementor-element elementor-element-76e235cc elementor-widget elementor-widget-heading\" data-id=\"76e235cc\" data-element_type=\"widget\" data-widget_type=\"heading.default\">\n\t\t\t\t<div class=\"elementor-widget-container\">\n\t\t\t\t\t<h5 class=\"elementor-heading-title elementor-size-default\">ACADEMIA PROMOTOR<\/h5>\t\t\t\t<\/div>\n\t\t\t\t<\/div>\n\t\t\t\t<div class=\"elementor-element elementor-element-3954432a elementor-widget elementor-widget-text-editor\" data-id=\"3954432a\" data-element_type=\"widget\" data-widget_type=\"text-editor.default\">\n\t\t\t\t<div class=\"elementor-widget-container\">\n\t\t\t\t\t\t\t\t\t<p><b>Nu-\u021bi pierde timpul cu instructori necalifica\u021bi \u0219i nu risca s\u0103 picioro\u0219i examenul de conducere la prima \u00eencercare. De aceea, Promotor este aici pentru tine. Profit\u0103 de \u0219ansa ta \u0219i treci examenul de conducere din prima \u00eencercare cu noi.<\/b><\/p>\t\t\t\t\t\t\t\t<\/div>\n\t\t\t\t<\/div>\n\t\t\t\t<div class=\"elementor-element elementor-element-cadb8c9 elementor-widget-divider--view-line_text elementor-widget-divider--element-align-center elementor-widget elementor-widget-divider\" data-id=\"cadb8c9\" data-element_type=\"widget\" data-widget_type=\"divider.default\">\n\t\t\t\t<div class=\"elementor-widget-container\">\n\t\t\t\t\t\t\t<div class=\"elementor-divider\">\n\t\t\t<span class=\"elementor-divider-separator\">\n\t\t\t\t\t\t\t<span class=\"elementor-divider__text elementor-divider__element\">\n\t\t\t\tSAU\t\t\t\t<\/span>\n\t\t\t\t\t\t<\/span>\n\t\t<\/div>\n\t\t\t\t\t\t<\/div>\n\t\t\t\t<\/div>\n\t\t\t\t<div class=\"elementor-element elementor-element-50224e1c elementor-align-center elementor-mobile-align-center elementor-tablet-align-center elementor-widget elementor-widget-button\" data-id=\"50224e1c\" data-element_type=\"widget\" data-widget_type=\"button.default\">\n\t\t\t\t<div class=\"elementor-widget-container\">\n\t\t\t\t\t\t\t\t\t<div class=\"elementor-button-wrapper\">\n\t\t\t\t\t<a class=\"elementor-button elementor-button-link elementor-size-sm\" href=\"http:\/\/promotor-academy.com\/index.php\/cotact-us\/\">\n\t\t\t\t\t\t<span class=\"elementor-button-content-wrapper\">\n\t\t\t\t\t\t\t\t\t<span class=\"elementor-button-text\">CONTACTATI-NE<\/span>\n\t\t\t\t\t<\/span>\n\t\t\t\t\t<\/a>\n\t\t\t\t<\/div>\n\t\t\t\t\t\t\t\t<\/div>\n\t\t\t\t<\/div>\n\t\t\t\t\t<\/div>\n\t\t<\/div>\n\t\t\t\t\t<\/div>\n\t\t<\/section>\n\t\t\t\t\t<\/div>\n\t\t<\/div>\n\t\t\t\t<div class=\"elementor-column elementor-col-50 elementor-top-column elementor-element elementor-element-207f8eec\" data-id=\"207f8eec\" data-element_type=\"column\">\n\t\t\t<div class=\"elementor-widget-wrap elementor-element-populated\">\n\t\t\t\t\t\t<section class=\"elementor-section elementor-inner-section elementor-element elementor-element-3bf83b9d elementor-section-boxed elementor-section-height-default elementor-section-height-default\" data-id=\"3bf83b9d\" data-element_type=\"section\" data-settings=\"{&quot;background_background&quot;:&quot;classic&quot;,&quot;_ha_eqh_enable&quot;:false}\">\n\t\t\t\t\t\t\t<div class=\"elementor-background-overlay\"><\/div>\n\t\t\t\t\t\t\t<div class=\"elementor-container elementor-column-gap-no\">\n\t\t\t\t\t<div class=\"elementor-column elementor-col-100 elementor-inner-column elementor-element elementor-element-9799771\" data-id=\"9799771\" data-element_type=\"column\">\n\t\t\t<div class=\"elementor-widget-wrap\">\n\t\t\t\t\t\t\t<\/div>\n\t\t<\/div>\n\t\t\t\t\t<\/div>\n\t\t<\/section>\n\t\t\t\t<div class=\"elementor-element elementor-element-75bbb174 elementor-widget elementor-widget-image\" data-id=\"75bbb174\" data-element_type=\"widget\" data-widget_type=\"image.default\">\n\t\t\t\t<div class=\"elementor-widget-container\">\n\t\t\t\t\t\t\t\t\t\t\t\t\t\t\t<img fetchpriority=\"high\" decoding=\"async\" width=\"768\" height=\"512\" src=\"https:\/\/promotor-academy.com\/wp-content\/uploads\/2023\/05\/Final-Full-Quality-2-1-768x512.jpg\" class=\"attachment-medium_large size-medium_large wp-image-262\" alt=\"\" srcset=\"https:\/\/promotor-academy.com\/wp-content\/uploads\/2023\/05\/Final-Full-Quality-2-1-768x512.jpg 768w, https:\/\/promotor-academy.com\/wp-content\/uploads\/2023\/05\/Final-Full-Quality-2-1-300x200.jpg 300w, https:\/\/promotor-academy.com\/wp-content\/uploads\/2023\/05\/Final-Full-Quality-2-1-1024x683.jpg 1024w, https:\/\/promotor-academy.com\/wp-content\/uploads\/2023\/05\/Final-Full-Quality-2-1-1536x1024.jpg 1536w, https:\/\/promotor-academy.com\/wp-content\/uploads\/2023\/05\/Final-Full-Quality-2-1-2048x1365.jpg 2048w, https:\/\/promotor-academy.com\/wp-content\/uploads\/2023\/05\/Final-Full-Quality-2-1-600x400.jpg 600w\" sizes=\"(max-width: 768px) 100vw, 768px\" \/>\t\t\t\t\t\t\t\t\t\t\t\t\t\t\t<\/div>\n\t\t\t\t<\/div>\n\t\t\t\t<div class=\"elementor-element elementor-element-3540aae6 elementor-tabs-view-horizontal elementor-widget elementor-widget-tabs\" data-id=\"3540aae6\" data-element_type=\"widget\" data-widget_type=\"tabs.default\">\n\t\t\t\t<div class=\"elementor-widget-container\">\n\t\t\t\t\t\t\t<div class=\"elementor-tabs\">\n\t\t\t<div class=\"elementor-tabs-wrapper\" role=\"tablist\" >\n\t\t\t\t\t\t\t\t\t<div id=\"elementor-tab-title-8931\" class=\"elementor-tab-title elementor-tab-desktop-title\" aria-selected=\"true\" data-tab=\"1\" role=\"tab\" tabindex=\"0\" aria-controls=\"elementor-tab-content-8931\" aria-expanded=\"false\">Ce este EDT al RSA (Autoritatea pentru Siguran\u021ba Rutier\u0103) cu cele 12 lec\u021bii EDT?<\/div>\n\t\t\t\t\t\t\t\t\t<div id=\"elementor-tab-title-8932\" class=\"elementor-tab-title elementor-tab-desktop-title\" aria-selected=\"false\" data-tab=\"2\" role=\"tab\" tabindex=\"-1\" aria-controls=\"elementor-tab-content-8932\" aria-expanded=\"false\">Ce se \u00eenva\u021b\u0103 \u00een cele 12 lec\u021bii EDT?<\/div>\n\t\t\t\t\t\t\t\t\t<div id=\"elementor-tab-title-8933\" class=\"elementor-tab-title elementor-tab-desktop-title\" aria-selected=\"false\" data-tab=\"3\" role=\"tab\" tabindex=\"-1\" aria-controls=\"elementor-tab-content-8933\" aria-expanded=\"false\"> De ce s\u0103 ne alegi pe noi?<\/div>\n\t\t\t\t\t\t\t<\/div>\n\t\t\t<div class=\"elementor-tabs-content-wrapper\" role=\"tablist\" aria-orientation=\"vertical\">\n\t\t\t\t\t\t\t\t\t<div class=\"elementor-tab-title elementor-tab-mobile-title\" aria-selected=\"true\" data-tab=\"1\" role=\"tab\" tabindex=\"0\" aria-controls=\"elementor-tab-content-8931\" aria-expanded=\"false\">Ce este EDT al RSA (Autoritatea pentru Siguran\u021ba Rutier\u0103) cu cele 12 lec\u021bii EDT?<\/div>\n\t\t\t\t\t<div id=\"elementor-tab-content-8931\" class=\"elementor-tab-content elementor-clearfix\" data-tab=\"1\" role=\"tabpanel\" aria-labelledby=\"elementor-tab-title-8931\" tabindex=\"0\" hidden=\"false\"><p><b>Trebuie s\u0103 aduci jurnalul de conducere EDT la fiecare lec\u021bie de conducere. Este un document important pe care trebuie s\u0103-l p\u0103strezi \u00een siguran\u021b\u0103.<\/b><\/p><p><b>Instructorul t\u0103u autorizat (ADI) va semna \u0219i \u0219tampila jurnalul de conducere dup\u0103 fiecare lec\u021bie desemnat\u0103 finalizat\u0103. \u00cen paginile de certificat, instructorul t\u0103u poate \u00eenregistra doar propriile \u00eenregistr\u0103ri privind instruirea.<\/b><\/p><p><b>Jurnalul de conducere EDT \u00eenregistreaz\u0103 progresul instruirii tale, iar comentarii, sfaturi \u0219i indica\u021bii sunt \u00eenscrise \u00een jurnal la locurile relevante. Po\u021bi vedea un exemplu al jurnalului de conducere EDT aici. <\/b><a href=\"https:\/\/www.rsa.ie\/Documents\/ADI\/EDT\/EDT_Learner_Logbook.pdf\"><b>EDT jurnal de bord aici<\/b><\/a><b>.<\/b><\/p><p><b>Nu vei putea sus\u021bine examenul de conducere \u00een Irlanda p\u00e2n\u0103 c\u00e2nd nu vei finaliza cele 12 lec\u021bii de conducere din Dublin \u0219i nu le vei \u00eenc\u0103rca pe portalul EDT al Autorit\u0103\u021bii pentru Siguran\u021ba Rutier\u0103, confirm\u00e2nd c\u0103 ai sus\u021binut cele 12 lec\u021bii.<\/b><\/p><p><b>ACADEMIA PROMOTOR este principalul furnizor al celor 12 lec\u021bii de conducere EDT din Dublin \u0219i ne angaj\u0103m s\u0103 \u00eenc\u0103rc\u0103m jurnalul eficient \u0219i prompt.<\/b><b><br \/><\/b><\/p><\/div>\n\t\t\t\t\t\t\t\t\t<div class=\"elementor-tab-title elementor-tab-mobile-title\" aria-selected=\"false\" data-tab=\"2\" role=\"tab\" tabindex=\"-1\" aria-controls=\"elementor-tab-content-8932\" aria-expanded=\"false\">Ce se \u00eenva\u021b\u0103 \u00een cele 12 lec\u021bii EDT?<\/div>\n\t\t\t\t\t<div id=\"elementor-tab-content-8932\" class=\"elementor-tab-content elementor-clearfix\" data-tab=\"2\" role=\"tabpanel\" aria-labelledby=\"elementor-tab-title-8932\" tabindex=\"0\" hidden=\"hidden\"><p><b>Aici este o defalcare de 12 EDT lec\u021bie de Conducere programa<\/b><\/p><ul><li aria-level=\"1\"><b>Lec\u021bia EDT 1: Controlul ma\u0219inii \u0219i verific\u0103ri de siguran\u021b\u0103<\/b><\/li><\/ul><ul><li aria-level=\"1\"><b>Lec\u021bia EDT 2: Pozi\u021bionarea corect\u0103<\/b><\/li><\/ul><ul><li aria-level=\"1\"><b>Lec\u021bia EDT 3: Schimbarea direc\u021biei<\/b><\/li><\/ul><ul><li aria-level=\"1\"><b>Lec\u021bia EDT 4: Gestionarea progresului<\/b><\/li><\/ul><ul><li aria-level=\"1\"><b>Lec\u021bia EDT 5: Pozi\u021bionarea corect\u0103 (situ\u021bii mai complexe)<\/b><\/li><\/ul><ul><li aria-level=\"1\"><b>Lec\u021bia EDT 6: Anticiparea \u0219i reac\u021bionarea<\/b><\/li><\/ul><ul><li aria-level=\"1\"><b>Lec\u021bia EDT 7: Partajarea drumului cu al\u021bi participan\u021bi<\/b><\/li><\/ul><ul><li aria-level=\"1\"><b>Lec\u021bia EDT 8: Conducerea \u00een siguran\u021b\u0103 prin trafic<\/b><\/li><\/ul><ul><li aria-level=\"1\"><b>Lec\u021bia EDT 9: Schimbarea direc\u021biei (situ\u021bii mai complexe)<\/b><\/li><\/ul><ul><li aria-level=\"1\"><b>Lec\u021bia EDT 10: Gestionarea vitezei<\/b><\/li><\/ul><ul><li aria-level=\"1\"><b>Lec\u021bia EDT 11: Conducerea calm\u0103<\/b><\/li><\/ul><ul><li aria-level=\"1\"><b>Lec\u021bia EDT 12: Conducerea pe timp de noapte<\/b><\/li><\/ul><h6>\u00a0<\/h6><\/div>\n\t\t\t\t\t\t\t\t\t<div class=\"elementor-tab-title elementor-tab-mobile-title\" aria-selected=\"false\" data-tab=\"3\" role=\"tab\" tabindex=\"-1\" aria-controls=\"elementor-tab-content-8933\" aria-expanded=\"false\"> De ce s\u0103 ne alegi pe noi?<\/div>\n\t\t\t\t\t<div id=\"elementor-tab-content-8933\" class=\"elementor-tab-content elementor-clearfix\" data-tab=\"3\" role=\"tabpanel\" aria-labelledby=\"elementor-tab-title-8933\" tabindex=\"0\" hidden=\"hidden\"><p><b>Sosire la timp \u0219i \u00een uniform\u0103<\/b><\/p><p><b>\u00a0Instructor ADI complet calificat<\/b><\/p><p><b>\u00a0Orare flexibile pentru program\u0103ri<\/b><\/p><p><b>\u00a0Preluare de acas\u0103, de la facultate sau de la locul de munc\u0103<\/b><\/p><p><b>\u00a07 ani de experien\u021b\u0103 \u00een conducere<\/b><b><br \/><\/b><\/p><\/div>\n\t\t\t\t\t\t\t<\/div>\n\t\t<\/div>\n\t\t\t\t\t\t<\/div>\n\t\t\t\t<\/div>\n\t\t\t\t\t<\/div>\n\t\t<\/div>\n\t\t\t\t\t<\/div>\n\t\t<\/section>\n\t\t\t\t<\/div>","protected":false},"excerpt":{"rendered":"<p>DRIVING LESSONS What are EDT Lessons? EDT stands for Essential Driver Training EDT is a mandatory training course for learner car drivers. EDT teaches fundamental driving skills. Learner drivers are required by law to take 12 EDT driving lessons. EDT lessons are essential for preparing for the driving test. How many EDT Lessons is there? [&hellip;]<\/p>","protected":false},"author":1,"featured_media":0,"parent":0,"menu_order":0,"comment_status":"closed","ping_status":"closed","template":"","meta":{"footnotes":""},"class_list":["post-179","page","type-page","status-publish","hentry"],"jetpack_sharing_enabled":true,"_links":{"self":[{"href":"https:\/\/promotor-academy.com\/ro\/wp-json\/wp\/v2\/pages\/179","targetHints":{"allow":["GET"]}}],"collection":[{"href":"https:\/\/promotor-academy.com\/ro\/wp-json\/wp\/v2\/pages"}],"about":[{"href":"https:\/\/promotor-academy.com\/ro\/wp-json\/wp\/v2\/types\/page"}],"author":[{"embeddable":true,"href":"https:\/\/promotor-academy.com\/ro\/wp-json\/wp\/v2\/users\/1"}],"replies":[{"embeddable":true,"href":"https:\/\/promotor-academy.com\/ro\/wp-json\/wp\/v2\/comments?post=179"}],"version-history":[{"count":31,"href":"https:\/\/promotor-academy.com\/ro\/wp-json\/wp\/v2\/pages\/179\/revisions"}],"predecessor-version":[{"id":1027,"href":"https:\/\/promotor-academy.com\/ro\/wp-json\/wp\/v2\/pages\/179\/revisions\/1027"}],"wp:attachment":[{"href":"https:\/\/promotor-academy.com\/ro\/wp-json\/wp\/v2\/media?parent=179"}],"curies":[{"name":"wp","href":"https:\/\/api.w.org\/{rel}","templated":true}]}}