{"id":87,"date":"2023-05-17T08:42:38","date_gmt":"2023-05-17T07:42:38","guid":{"rendered":"https:\/\/promotor-academy.com\/?page_id=87"},"modified":"2023-05-24T10:36:47","modified_gmt":"2023-05-24T09:36:47","slug":"about-us","status":"publish","type":"page","link":"https:\/\/promotor-academy.com\/ro\/about-us\/","title":{"rendered":"\u00a0DESPRE NOI"},"content":{"rendered":"<div data-elementor-type=\"wp-page\" data-elementor-id=\"87\" class=\"elementor elementor-87\" data-elementor-settings=\"{&quot;ha_cmc_init_switcher&quot;:&quot;no&quot;}\">\n\t\t\t\t\t\t<section class=\"elementor-section elementor-top-section elementor-element elementor-element-2a566071 elementor-section-content-middle elementor-section-height-min-height elementor-section-boxed elementor-section-height-default elementor-section-items-middle\" data-id=\"2a566071\" data-element_type=\"section\" data-settings=\"{&quot;background_background&quot;:&quot;gradient&quot;,&quot;shape_divider_bottom&quot;:&quot;waves&quot;,&quot;_ha_eqh_enable&quot;:false}\">\n\t\t\t\t\t\t\t<div class=\"elementor-background-overlay\"><\/div>\n\t\t\t\t\t\t<div class=\"elementor-shape elementor-shape-bottom\" aria-hidden=\"true\" data-negative=\"false\">\n\t\t\t<svg xmlns=\"http:\/\/www.w3.org\/2000\/svg\" viewbox=\"0 0 1000 100\" preserveaspectratio=\"none\">\n\t<path class=\"elementor-shape-fill\" d=\"M421.9,6.5c22.6-2.5,51.5,0.4,75.5,5.3c23.6,4.9,70.9,23.5,100.5,35.7c75.8,32.2,133.7,44.5,192.6,49.7\tc23.6,2.1,48.7,3.5,103.4-2.5c54.7-6,106.2-25.6,106.2-25.6V0H0v30.3c0,0,72,32.6,158.4,30.5c39.2-0.7,92.8-6.7,134-22.4\tc21.2-8.1,52.2-18.2,79.7-24.2C399.3,7.9,411.6,7.5,421.9,6.5z\"\/>\n<\/svg>\t\t<\/div>\n\t\t\t\t\t<div class=\"elementor-container elementor-column-gap-no\">\n\t\t\t\t\t<div class=\"elementor-column elementor-col-100 elementor-top-column elementor-element elementor-element-7d389f7a\" data-id=\"7d389f7a\" data-element_type=\"column\" data-settings=\"{&quot;background_background&quot;:&quot;classic&quot;}\">\n\t\t\t<div class=\"elementor-widget-wrap elementor-element-populated\">\n\t\t\t\t\t\t<div class=\"elementor-element elementor-element-73fc397a elementor-widget elementor-widget-heading\" data-id=\"73fc397a\" data-element_type=\"widget\" data-widget_type=\"heading.default\">\n\t\t\t\t<div class=\"elementor-widget-container\">\n\t\t\t\t\t<h1 class=\"elementor-heading-title elementor-size-default\">Despre Noi<\/h1>\t\t\t\t<\/div>\n\t\t\t\t<\/div>\n\t\t\t\t\t<\/div>\n\t\t<\/div>\n\t\t\t\t\t<\/div>\n\t\t<\/section>\n\t\t\t\t<section class=\"elementor-section elementor-top-section elementor-element elementor-element-2b8b00 elementor-section-boxed elementor-section-height-default elementor-section-height-default\" data-id=\"2b8b00\" data-element_type=\"section\" data-settings=\"{&quot;_ha_eqh_enable&quot;:false}\">\n\t\t\t\t\t\t\t<div class=\"elementor-background-overlay\"><\/div>\n\t\t\t\t\t\t\t<div class=\"elementor-container elementor-column-gap-no\">\n\t\t\t\t\t<div class=\"elementor-column elementor-col-100 elementor-top-column elementor-element elementor-element-59436677\" data-id=\"59436677\" data-element_type=\"column\">\n\t\t\t<div class=\"elementor-widget-wrap elementor-element-populated\">\n\t\t\t\t\t\t<section class=\"elementor-section elementor-inner-section elementor-element elementor-element-2ce32694 elementor-section-boxed elementor-section-height-default elementor-section-height-default\" data-id=\"2ce32694\" data-element_type=\"section\" data-settings=\"{&quot;_ha_eqh_enable&quot;:false}\">\n\t\t\t\t\t\t<div class=\"elementor-container elementor-column-gap-no\">\n\t\t\t\t\t<div class=\"elementor-column elementor-col-100 elementor-inner-column elementor-element elementor-element-4943fadc\" data-id=\"4943fadc\" data-element_type=\"column\">\n\t\t\t<div class=\"elementor-widget-wrap elementor-element-populated\">\n\t\t\t\t\t\t<div class=\"elementor-element elementor-element-46fc4ff7 elementor-widget elementor-widget-elementskit-heading\" data-id=\"46fc4ff7\" data-element_type=\"widget\" data-widget_type=\"elementskit-heading.default\">\n\t\t\t\t<div class=\"elementor-widget-container\">\n\t\t\t\t\t<div class=\"ekit-wid-con\" ><div class=\"ekit-heading elementskit-section-title-wraper text_left   ekit_heading_tablet-   ekit_heading_mobile-\"><h5 class=\"elementskit-section-subtitle\">\n\t\t\t\t\t\tINTRODUCEREA DESPRE NOI\n\t\t\t\t\t<\/h5><h3 class=\"ekit-heading--title elementskit-section-title\">ACADEMIA PROMOTOR<\/h3><\/div><\/div>\t\t\t\t<\/div>\n\t\t\t\t<\/div>\n\t\t\t\t\t<\/div>\n\t\t<\/div>\n\t\t\t\t\t<\/div>\n\t\t<\/section>\n\t\t\t\t<section class=\"elementor-section elementor-inner-section elementor-element elementor-element-437866c0 elementor-section-boxed elementor-section-height-default elementor-section-height-default\" data-id=\"437866c0\" data-element_type=\"section\" data-settings=\"{&quot;_ha_eqh_enable&quot;:false}\">\n\t\t\t\t\t\t<div class=\"elementor-container elementor-column-gap-no\">\n\t\t\t\t\t<div class=\"elementor-column elementor-col-50 elementor-inner-column elementor-element elementor-element-64e4e2a6\" data-id=\"64e4e2a6\" data-element_type=\"column\">\n\t\t\t<div class=\"elementor-widget-wrap elementor-element-populated\">\n\t\t\t\t\t\t<div class=\"elementor-element elementor-element-aa26aaf elementor-widget elementor-widget-video\" data-id=\"aa26aaf\" data-element_type=\"widget\" data-settings=\"{&quot;video_type&quot;:&quot;hosted&quot;,&quot;autoplay&quot;:&quot;yes&quot;,&quot;controls&quot;:&quot;yes&quot;}\" data-widget_type=\"video.default\">\n\t\t\t\t<div class=\"elementor-widget-container\">\n\t\t\t\t\t\t\t<div class=\"e-hosted-video elementor-wrapper elementor-open-inline\">\n\t\t\t\t\t<video class=\"elementor-video\" src=\"http:\/\/promotor-academy.com\/wp-content\/uploads\/2023\/05\/Final-1.mp4\" autoplay=\"\" controls=\"\" controlslist=\"nodownload\"><\/video>\n\t\t\t\t<\/div>\n\t\t\t\t\t\t<\/div>\n\t\t\t\t<\/div>\n\t\t\t\t<div class=\"elementor-element elementor-element-4ef8731a elementor-widget elementor-widget-heading\" data-id=\"4ef8731a\" data-element_type=\"widget\" data-widget_type=\"heading.default\">\n\t\t\t\t<div class=\"elementor-widget-container\">\n\t\t\t\t\t<h4 class=\"elementor-heading-title elementor-size-default\">De ce s\u0103 ne alege\u021bi pe noi?<\/h4>\t\t\t\t<\/div>\n\t\t\t\t<\/div>\n\t\t\t\t<div class=\"elementor-element elementor-element-5cbc771a elementor-widget elementor-widget-text-editor\" data-id=\"5cbc771a\" data-element_type=\"widget\" data-widget_type=\"text-editor.default\">\n\t\t\t\t<div class=\"elementor-widget-container\">\n\t\t\t\t\t\t\t\t\t<p><span style=\"font-weight: 400;\">Instructorii no\u0219tri de conducere sunt instructori aprobati de RSA (Autoritatea pentru Siguran\u021ba Rutier\u0103) \u0219i avem op\u021biuni flexibile de lec\u021bii, iar o echip\u0103 entuziast\u0103 este preg\u0103tit\u0103 s\u0103 mearg\u0103 un pas \u00een plus pentru tine, pentru a te asigura c\u0103 devii un \u0219ofer sigur \u0219i \u00eencrez\u0103tor.<\/span><\/p><p><span style=\"font-weight: 400;\">Instruirea conduc\u0103torului auto se realizeaz\u0103 \u00een vehicule moderne, curate,  cu comenzi duble, at\u00e2t cu transmisie manual\u0103, c\u00e2t \u0219i cu transmisie automat\u0103. Toat\u0103 activitatea se desf\u0103\u0219oar\u0103 \u00eentr-o atmosfer\u0103 relaxat\u0103, f\u0103r\u0103 stres \u0219i f\u0103r\u0103 presiune, ceea ce adesea face dificil\u0103 \u00een\u021belegerea secretelor condusului.<\/span><\/p><p><span style=\"font-weight: 400;\">Ve\u021bi \u00eenv\u0103\u021ba cele mai recente reguli ale circula\u021biei \u0219i alte reglement\u0103ri de la un instructor r\u0103bd\u0103tor \u0219i \u00een\u021beleg\u0103tor. Ve\u021bi primi instruire complet\u0103, adaptat\u0103 nevoilor dumneavoastr\u0103 \u0219i, \u00een plus, pute\u021bi \u00eenv\u0103\u021ba \u00een ritmul dumneavoastr\u0103. Putem folosi ma\u0219inile noastre sau putem folosi ma\u0219ina dumneavoastr\u0103 (\u00een func\u021bie de starea tehnic\u0103 \u0219i de asigurare), cu transmisie manual\u0103 sau automat\u0103... alegerea v\u0103 apar\u021bine.<\/span><\/p><p><span style=\"font-weight: 400;\">Noi credem \u00een oferirea noilor \u0219oferi (indiferent de v\u00e2rst\u0103) a abilit\u0103\u021bilor mai bune pentru a gestiona situa\u021biile care apar pe drum \u0219i pentru a-\u0219i \u00eembun\u0103t\u0103\u021bi conduita. \u00cenv\u0103\u021barea cu un instructor, \u00een loc de familie, este adesea mai pu\u021bin stresant\u0103 pentru to\u021bi, iar predarea persoanelor s\u0103 conduc\u0103 este ceea ce facem... Este ceea ce ne pasioneaz\u0103. A ajuta oamenii s\u0103-\u0219i ating\u0103 obiectivul \u0219i s\u0103 reu\u0219easc\u0103 este \u00eentotdeauna satisf\u0103c\u0103tor.<\/span><\/p><p><span style=\"font-weight: 400;\">Deci, dac\u0103 sunte\u021bi dornici s\u0103 \u00eenv\u0103\u021ba\u021bi secretele condusului \u00eentr-un mediu distractiv \u0219i relaxat, sau doar c\u00e2teva lec\u021bii de re\u00eemprosp\u0103tare pentru a v\u0103 men\u021bine abilit\u0103\u021bile ascu\u021bite - am fi \u00eenc\u00e2nta\u021bi s\u0103 lucr\u0103m cu dumneavoastr\u0103!<\/span><\/p>\t\t\t\t\t\t\t\t<\/div>\n\t\t\t\t<\/div>\n\t\t\t\t\t<\/div>\n\t\t<\/div>\n\t\t\t\t<div class=\"elementor-column elementor-col-50 elementor-inner-column elementor-element elementor-element-5e5dc14c\" data-id=\"5e5dc14c\" data-element_type=\"column\">\n\t\t\t<div class=\"elementor-widget-wrap elementor-element-populated\">\n\t\t\t\t\t\t<div class=\"elementor-element elementor-element-efb4638 elementor-widget elementor-widget-heading\" data-id=\"efb4638\" data-element_type=\"widget\" data-widget_type=\"heading.default\">\n\t\t\t\t<div class=\"elementor-widget-container\">\n\t\t\t\t\t<h4 class=\"elementor-heading-title elementor-size-default\">De ce aplica\u021bia noastr\u0103 este util\u0103 pentru tine?<\/h4>\t\t\t\t<\/div>\n\t\t\t\t<\/div>\n\t\t\t\t<div class=\"elementor-element elementor-element-336586aa elementor-widget elementor-widget-text-editor\" data-id=\"336586aa\" data-element_type=\"widget\" data-widget_type=\"text-editor.default\">\n\t\t\t\t<div class=\"elementor-widget-container\">\n\t\t\t\t\t\t\t\t\t<p><span style=\"font-weight: 400;\">\u00a0<\/span><span style=\"font-weight: 400;\">Aplica\u021bia noastr\u0103 ofer\u0103 un avantaj unic pentru persoanele care vorbesc limba rom\u00e2n\u0103, dar poate nu au o \u00een\u021belegere solid\u0103 a limbii engleze. Cu ajutorul aplica\u021biei noastre, ace\u0219tia pot s\u0103 se preg\u0103teasc\u0103 eficient pentru \u00eentreb\u0103rile teoretice \u0219i examenul pentru permisul de conducere, permi\u021b\u00e2ndu-le s\u0103 devin\u0103 \u0219oferi \u00eencrez\u0103tori \u0219i competen\u021bi pe drum. Abordarea specializat\u0103 a aplica\u021biei noastre \u00een ceea ce prive\u0219te \u00eenv\u0103\u021barea limbii \u0219i educa\u021bia rutier\u0103 este conceput\u0103 pentru a oferi o experien\u021b\u0103 excep\u021bional\u0103 clien\u021bilor no\u0219tri.<\/span><span style=\"font-weight: 400;\"><br \/><\/span><\/p>\t\t\t\t\t\t\t\t<\/div>\n\t\t\t\t<\/div>\n\t\t\t\t<div class=\"elementor-element elementor-element-7be8ec25 elementor-icon-list--layout-traditional elementor-list-item-link-full_width elementor-widget elementor-widget-icon-list\" data-id=\"7be8ec25\" data-element_type=\"widget\" data-widget_type=\"icon-list.default\">\n\t\t\t\t<div class=\"elementor-widget-container\">\n\t\t\t\t\t\t\t<ul class=\"elementor-icon-list-items\">\n\t\t\t\t\t\t\t<li class=\"elementor-icon-list-item\">\n\t\t\t\t\t\t\t\t\t\t\t<span class=\"elementor-icon-list-icon\">\n\t\t\t\t\t\t\t<i aria-hidden=\"true\" class=\"fas fa-check\"><\/i>\t\t\t\t\t\t<\/span>\n\t\t\t\t\t\t\t\t\t\t<span class=\"elementor-icon-list-text\">Multifunc\u021bional: Aplica\u021bia noastr\u0103 ofer\u0103 diverse func\u021bionalit\u0103\u021bi, cum ar fi r\u0103spunsul automat, corectarea automat\u0103 \u0219i urm\u0103rirea \u00eentreb\u0103rilor, ceea ce faciliteaz\u0103 preg\u0103tirea utilizatorilor pentru examenul lor.<\/span>\n\t\t\t\t\t\t\t\t\t<\/li>\n\t\t\t\t\t\t\t\t<li class=\"elementor-icon-list-item\">\n\t\t\t\t\t\t\t\t\t\t\t<span class=\"elementor-icon-list-icon\">\n\t\t\t\t\t\t\t<i aria-hidden=\"true\" class=\"fas fa-check\"><\/i>\t\t\t\t\t\t<\/span>\n\t\t\t\t\t\t\t\t\t\t<span class=\"elementor-icon-list-text\">Aceea\u0219i aplica\u021bie ca DTT Car Official App Ireland Theory Test: Aplica\u021bia noastr\u0103 este construit\u0103 pe aceea\u0219i aplica\u021bie utilizat\u0103 de DTT Car Official App Ireland Theory Test, care s-a dovedit a fi eficient\u0103 \u00een ajutarea utilizatorilor s\u0103 treac\u0103 examenul pentru permisul de conducere.<\/span>\n\t\t\t\t\t\t\t\t\t<\/li>\n\t\t\t\t\t\t\t\t<li class=\"elementor-icon-list-item\">\n\t\t\t\t\t\t\t\t\t\t\t<span class=\"elementor-icon-list-icon\">\n\t\t\t\t\t\t\t<i aria-hidden=\"true\" class=\"fas fa-check\"><\/i>\t\t\t\t\t\t<\/span>\n\t\t\t\t\t\t\t\t\t\t<span class=\"elementor-icon-list-text\">Complet tradus\u0103 \u00een limba rom\u00e2n\u0103: Aplica\u021bia este complet tradus\u0103 \u00een limba rom\u00e2n\u0103, oferind utilizatorilor o experien\u021b\u0103 de \u00eenv\u0103\u021bare fluent\u0103 \u00een limba lor matern\u0103, ceea ce faciliteaz\u0103 preg\u0103tirea pentru examen.<\/span>\n\t\t\t\t\t\t\t\t\t<\/li>\n\t\t\t\t\t\t\t\t<li class=\"elementor-icon-list-item\">\n\t\t\t\t\t\t\t\t\t\t\t<span class=\"elementor-icon-list-icon\">\n\t\t\t\t\t\t\t<i aria-hidden=\"true\" class=\"fas fa-check\"><\/i>\t\t\t\t\t\t<\/span>\n\t\t\t\t\t\t\t\t\t\t<span class=\"elementor-icon-list-text\">Aplica\u021bia noastr\u0103 este conceput\u0103 pentru persoanele care vorbesc limba rom\u00e2n\u0103 \u0219i pot s\u0103 nu aib\u0103 o \u00een\u021belegere solid\u0103 a limbii engleze, dar doresc s\u0103 treac\u0103 testele teoretice \u0219i practice pentru permisul de conducere. Ofer\u0103 o experien\u021b\u0103 complet\u0103 de \u00eenv\u0103\u021bare pentru utilizatori, adaptat\u0103 nevoilor \u0219i nivelului lor de cuno\u0219tin\u021be lingvistice.<\/span>\n\t\t\t\t\t\t\t\t\t<\/li>\n\t\t\t\t\t\t<\/ul>\n\t\t\t\t\t\t<\/div>\n\t\t\t\t<\/div>\n\t\t\t\t<div class=\"elementor-element elementor-element-1b66b883 elementor-widget elementor-widget-image\" data-id=\"1b66b883\" data-element_type=\"widget\" data-widget_type=\"image.default\">\n\t\t\t\t<div class=\"elementor-widget-container\">\n\t\t\t\t\t\t\t\t\t\t\t\t\t\t\t<img fetchpriority=\"high\" decoding=\"async\" width=\"800\" height=\"1000\" src=\"https:\/\/promotor-academy.com\/wp-content\/uploads\/2023\/05\/Final-Full-Quality-3-819x1024.jpg\" class=\"attachment-large size-large wp-image-269\" alt=\"\" srcset=\"https:\/\/promotor-academy.com\/wp-content\/uploads\/2023\/05\/Final-Full-Quality-3-819x1024.jpg 819w, https:\/\/promotor-academy.com\/wp-content\/uploads\/2023\/05\/Final-Full-Quality-3-240x300.jpg 240w, https:\/\/promotor-academy.com\/wp-content\/uploads\/2023\/05\/Final-Full-Quality-3-768x960.jpg 768w, https:\/\/promotor-academy.com\/wp-content\/uploads\/2023\/05\/Final-Full-Quality-3-1229x1536.jpg 1229w, https:\/\/promotor-academy.com\/wp-content\/uploads\/2023\/05\/Final-Full-Quality-3-1638x2048.jpg 1638w, https:\/\/promotor-academy.com\/wp-content\/uploads\/2023\/05\/Final-Full-Quality-3-600x750.jpg 600w, https:\/\/promotor-academy.com\/wp-content\/uploads\/2023\/05\/Final-Full-Quality-3-scaled.jpg 2048w\" sizes=\"(max-width: 800px) 100vw, 800px\" \/>\t\t\t\t\t\t\t\t\t\t\t\t\t\t\t<\/div>\n\t\t\t\t<\/div>\n\t\t\t\t\t<\/div>\n\t\t<\/div>\n\t\t\t\t\t<\/div>\n\t\t<\/section>\n\t\t\t\t\t<\/div>\n\t\t<\/div>\n\t\t\t\t\t<\/div>\n\t\t<\/section>\n\t\t\t\t<\/div>","protected":false},"excerpt":{"rendered":"<p>About Us INTRODUCTION TO US PROMOTOR DRIVING ACADEMY http:\/\/promotor-academy.com\/wp-content\/uploads\/2023\/05\/Final-1.mp4 Why should you choose us? Our driving Instructors are RSA Approved Driving Instructors and we have flexible lesson options and an enthusiastic team waiting to go the extra mile for you to make sure that you become a safe and confident driver. Driver training is done [&hellip;]<\/p>","protected":false},"author":1,"featured_media":0,"parent":0,"menu_order":0,"comment_status":"closed","ping_status":"closed","template":"","meta":{"footnotes":""},"class_list":["post-87","page","type-page","status-publish","hentry"],"jetpack_sharing_enabled":true,"_links":{"self":[{"href":"https:\/\/promotor-academy.com\/ro\/wp-json\/wp\/v2\/pages\/87","targetHints":{"allow":["GET"]}}],"collection":[{"href":"https:\/\/promotor-academy.com\/ro\/wp-json\/wp\/v2\/pages"}],"about":[{"href":"https:\/\/promotor-academy.com\/ro\/wp-json\/wp\/v2\/types\/page"}],"author":[{"embeddable":true,"href":"https:\/\/promotor-academy.com\/ro\/wp-json\/wp\/v2\/users\/1"}],"replies":[{"embeddable":true,"href":"https:\/\/promotor-academy.com\/ro\/wp-json\/wp\/v2\/comments?post=87"}],"version-history":[{"count":25,"href":"https:\/\/promotor-academy.com\/ro\/wp-json\/wp\/v2\/pages\/87\/revisions"}],"predecessor-version":[{"id":367,"href":"https:\/\/promotor-academy.com\/ro\/wp-json\/wp\/v2\/pages\/87\/revisions\/367"}],"wp:attachment":[{"href":"https:\/\/promotor-academy.com\/ro\/wp-json\/wp\/v2\/media?parent=87"}],"curies":[{"name":"wp","href":"https:\/\/api.w.org\/{rel}","templated":true}]}}